{"id":13,"date":"2024-11-20T09:25:08","date_gmt":"2024-11-20T09:25:08","guid":{"rendered":"https:\/\/www.sbs01.lehublot.link\/?page_id=13"},"modified":"2024-11-22T09:09:00","modified_gmt":"2024-11-22T09:09:00","slug":"collections","status":"publish","type":"page","link":"https:\/\/www.sbs01.lehublot.link\/en\/collections\/","title":{"rendered":"Collections"},"content":{"rendered":"<div class=\"wp-block-cover alignfull\" style=\"margin-top:0;padding-top:48px;padding-right:5vw;padding-bottom:48px;padding-left:5vw;min-height:709px;aspect-ratio:unset;\"><span aria-hidden=\"true\" class=\"wp-block-cover__background has-background-dim-100 has-background-dim has-background-gradient\" style=\"background:linear-gradient(180deg,rgb(255,255,255) 0%,rgb(161,133,148) 34%,rgb(255,255,255) 87%)\"><\/span><div class=\"wp-block-cover__inner-container is-layout-flow wp-block-cover-is-layout-flow\">\n<div style=\"height:100px\" aria-hidden=\"true\" class=\"wp-block-spacer\"><\/div>\n\n\n\n<div class=\"wp-block-group is-content-justification-space-between is-layout-flex wp-container-core-group-is-layout-b04426d0 wp-block-group-is-layout-flex\">\n<div class=\"wp-block-group wp-container-content-9cfa9a5a is-layout-flow wp-container-core-group-is-layout-d6743c7d wp-block-group-is-layout-flow\">\n<p class=\"has-text-align-left has-white-color has-text-color has-link-color wp-elements-aeadd6b96cda37324ffa726e6ae85d38\" style=\"font-size:clamp(76.201px, 4.763rem + ((1vw - 3.2px) * 10.886), 172px);font-style:normal;font-weight:700;letter-spacing:-10px;line-height:0.7;text-transform:uppercase\"><strong>sidebyside<\/strong>.<\/p>\n<\/div>\n\n\n\n<div class=\"wp-block-group wp-container-content-9dbf05af is-layout-flow wp-container-core-group-is-layout-634f0b9d wp-block-group-is-layout-flow\">\n<div class=\"wp-block-columns is-layout-flex wp-container-core-columns-is-layout-28f84493 wp-block-columns-is-layout-flex\">\n<div class=\"wp-block-column is-layout-flow wp-block-column-is-layout-flow\" style=\"flex-basis:100%\">\n<p class=\"has-white-color has-text-color has-link-color wp-elements-662623de8e563c8c45589a583365ef8f\" style=\"font-size:clamp(14px, 0.875rem + ((1vw - 3.2px) * 0.341), 17px);font-style:normal;font-weight:700;letter-spacing:0px;text-decoration:none;text-transform:uppercase\">Chaque pi\u00e8ce c\u00e9l\u00e8bre le contraste entre le mobilier classique et le style moderne. Les articles de d\u00e9coration et de mobilier de SidebySide sont des pi\u00e8ces d&rsquo;\u00e9poque <\/p>\n<\/div>\n\n\n\n<div class=\"wp-block-column is-layout-flow wp-block-column-is-layout-flow\" style=\"flex-basis:100%\">\n<p class=\"has-white-color has-text-color has-link-color wp-elements-1a699acf21dd649e6e3cea5a5a25fffd\" style=\"font-size:clamp(14px, 0.875rem + ((1vw - 3.2px) * 0.341), 17px);font-style:normal;font-weight:700;letter-spacing:0px;text-decoration:none;text-transform:uppercase\">qui sont restaur\u00e9es et renouvel\u00e9es gr\u00e2ce au tissage et \u00e0 la couture de nouveaux d\u00e9tails adapt\u00e9s au style boh\u00e8me du 21e si\u00e8cle.<\/p>\n<\/div>\n<\/div>\n<\/div>\n<\/div>\n<\/div><\/div>\n\n\n\n<div class=\"wp-block-columns alignwide are-vertically-aligned-top is-layout-flex wp-container-core-columns-is-layout-08c01c1c wp-block-columns-is-layout-flex\">\n<div class=\"wp-block-column is-vertically-aligned-top is-layout-flow wp-block-column-is-layout-flow\">\n<div class=\"wp-block-group wp-container-content-231d8afb is-vertical is-content-justification-left is-nowrap is-layout-flex wp-container-core-group-is-layout-d439c89b wp-block-group-is-layout-flex\" style=\"margin-top:0;margin-bottom:0\">\n<figure class=\"wp-block-image size-full is-resized has-custom-border wp-container-content-0733e5d0\"><img loading=\"lazy\" decoding=\"async\" width=\"2560\" height=\"2560\" src=\"https:\/\/www.sbs01.lehublot.link\/wp-content\/uploads\/2024\/11\/Purple-Rain-Set-scaled.jpg\" alt=\"\" class=\"has-border-color has-custom-color-2-border-color wp-image-98\" style=\"border-radius:100%;width:630px;height:auto\" srcset=\"https:\/\/www.sbs01.lehublot.link\/wp-content\/uploads\/2024\/11\/Purple-Rain-Set-scaled.jpg 2560w, https:\/\/www.sbs01.lehublot.link\/wp-content\/uploads\/2024\/11\/Purple-Rain-Set-300x300.jpg 300w, https:\/\/www.sbs01.lehublot.link\/wp-content\/uploads\/2024\/11\/Purple-Rain-Set-1024x1024.jpg 1024w, https:\/\/www.sbs01.lehublot.link\/wp-content\/uploads\/2024\/11\/Purple-Rain-Set-150x150.jpg 150w, https:\/\/www.sbs01.lehublot.link\/wp-content\/uploads\/2024\/11\/Purple-Rain-Set-768x768.jpg 768w, https:\/\/www.sbs01.lehublot.link\/wp-content\/uploads\/2024\/11\/Purple-Rain-Set-1536x1536.jpg 1536w, https:\/\/www.sbs01.lehublot.link\/wp-content\/uploads\/2024\/11\/Purple-Rain-Set-2048x2048.jpg 2048w\" sizes=\"auto, (max-width: 2560px) 100vw, 2560px\" \/><\/figure>\n\n\n\n<div class=\"wp-block-group is-vertical is-nowrap is-layout-flex wp-container-core-group-is-layout-5280e479 wp-block-group-is-layout-flex\">\n<p style=\"padding-right:39%;padding-left:10%;font-size:13px\">\u00ab\u00a0Velours, bois, peinture, fibre v\u00e9g\u00e9tale, crin de cheval et ressort.<br>Origine : Paris, France<br>Dimensions : 18\u201dL x 17\u201dP x 38\u201dH*\u00a0\u00bb<\/p>\n<\/div>\n<\/div>\n<\/div>\n\n\n\n<div class=\"wp-block-column is-vertically-aligned-top is-layout-flow wp-block-column-is-layout-flow\">\n<div class=\"wp-block-group wp-container-content-231d8afb is-vertical is-layout-flex wp-container-core-group-is-layout-05b43539 wp-block-group-is-layout-flex\" style=\"margin-top:0;margin-bottom:0\">\n<div class=\"wp-block-group is-vertical is-nowrap is-layout-flex wp-container-core-group-is-layout-5280e479 wp-block-group-is-layout-flex\">\n<div style=\"height:0px\" aria-hidden=\"true\" class=\"wp-block-spacer wp-container-content-f96796aa\"><\/div>\n\n\n\n<h2 class=\"wp-block-heading has-medium-font-size\"><strong>Purple Rain<\/strong><\/h2>\n<\/div>\n\n\n\n<p class=\"has-small-font-size\" style=\"padding-right:38%;padding-left:0%\">L&rsquo;assise concue \u00e0 partir de mati\u00e8res naturelles, incarne le luxe et la <strong>qualit\u00e9<\/strong>, tout en apportant une touche<strong> boh\u00e8me chic<\/strong> \u00e0 votre int\u00e9rieur. Orn\u00e9e d&rsquo;un <strong>tissus color\u00e9<\/strong>, lumineux et plein de joie de vivre. Cette pi\u00e8ce exclusive, empreinte d&rsquo;un esprit <strong>convivial,<\/strong> est une invitation \u00e0 partager des moments chaleureux et <strong>authentiques<\/strong>.<\/p>\n\n\n\n<figure class=\"wp-block-image size-full is-resized\" style=\"font-size:14px\"><img loading=\"lazy\" decoding=\"async\" width=\"500\" height=\"500\" src=\"https:\/\/www.sbs01.lehublot.link\/wp-content\/uploads\/2024\/11\/Purple-Rain-FEATURED-fotor-bg-remover-20241121133918.png\" alt=\"\" class=\"wp-image-448\" style=\"width:734px;height:auto\" srcset=\"https:\/\/www.sbs01.lehublot.link\/wp-content\/uploads\/2024\/11\/Purple-Rain-FEATURED-fotor-bg-remover-20241121133918.png 500w, https:\/\/www.sbs01.lehublot.link\/wp-content\/uploads\/2024\/11\/Purple-Rain-FEATURED-fotor-bg-remover-20241121133918-300x300.png 300w, https:\/\/www.sbs01.lehublot.link\/wp-content\/uploads\/2024\/11\/Purple-Rain-FEATURED-fotor-bg-remover-20241121133918-150x150.png 150w\" sizes=\"auto, (max-width: 500px) 100vw, 500px\" \/><\/figure>\n<\/div>\n<\/div>\n<\/div>\n\n\n\n<div class=\"wp-block-essential-blocks-shape-divider  root-eb-shape-divider-ng6zc\"><div class=\"eb-parent-wrapper eb-parent-eb-shape-divider-ng6zc\"><div class=\"eb-shape-divider-wrapper eb-shape-divider-ng6zc\"><div class=\"eb-shape-divider eb-shape-divider-bottom\" data-shape=\"style_1\" data-negative=\"false\"><svg xmlns=\"http:\/\/www.w3.org\/2000\/svg\" fill=\"none\" viewbox=\"0 0 1000 100\" preserveaspectratio=\"none\"><g clip-path=\"url(#eb-shape-divider-ocean-wave)\"><path class=\"eb-shape-divider-fill\" fill=\"#715AFF\" d=\"M0 97.79S101.82-.97 283.17 5.23c203.09 0 290.46 94.4 716.83 94.4V0H0v97.79Z\"><\/path><\/g><defs><clippath id=\"eb-shape-divider-ocean-wave\"><path fill=\"#fff\" class=\"eb-shape-divider-fill\" d=\"M0 0h1000v99.62H0z\"><\/path><\/clippath><\/defs><\/svg><\/div><\/div><\/div><\/div>\n\n\n\n<div class=\"wp-block-essential-blocks-shape-divider  root-eb-shape-divider-q4o21\"><div class=\"eb-parent-wrapper eb-parent-eb-shape-divider-q4o21\"><div class=\"eb-shape-divider-wrapper eb-shape-divider-q4o21\"><div class=\"eb-shape-divider eb-shape-divider-top\" data-shape=\"style_1\" data-negative=\"false\"><svg xmlns=\"http:\/\/www.w3.org\/2000\/svg\" fill=\"none\" viewbox=\"0 0 1000 100\" preserveaspectratio=\"none\"><g clip-path=\"url(#eb-shape-divider-ocean-wave)\"><path class=\"eb-shape-divider-fill\" fill=\"#715AFF\" d=\"M0 97.79S101.82-.97 283.17 5.23c203.09 0 290.46 94.4 716.83 94.4V0H0v97.79Z\"><\/path><\/g><defs><clippath id=\"eb-shape-divider-ocean-wave\"><path fill=\"#fff\" class=\"eb-shape-divider-fill\" d=\"M0 0h1000v99.62H0z\"><\/path><\/clippath><\/defs><\/svg><\/div><\/div><\/div><\/div>\n\n\n\n<div class=\"wp-block-columns alignwide are-vertically-aligned-top is-layout-flex wp-container-core-columns-is-layout-08c01c1c wp-block-columns-is-layout-flex\">\n<div class=\"wp-block-column is-vertically-aligned-top is-layout-flow wp-block-column-is-layout-flow\">\n<div class=\"wp-block-group wp-container-content-231d8afb is-vertical is-content-justification-left is-nowrap is-layout-flex wp-container-core-group-is-layout-d439c89b wp-block-group-is-layout-flex\" style=\"margin-top:0;margin-bottom:0\">\n<figure class=\"wp-block-image size-full is-resized wp-container-content-0733e5d0\"><img loading=\"lazy\" decoding=\"async\" width=\"500\" height=\"500\" src=\"https:\/\/www.sbs01.lehublot.link\/wp-content\/uploads\/2024\/11\/Voltaire-Junior-04-fotor-bg-remover-20241121133514-1.png\" alt=\"\" class=\"wp-image-452\" style=\"width:707px;height:auto\" srcset=\"https:\/\/www.sbs01.lehublot.link\/wp-content\/uploads\/2024\/11\/Voltaire-Junior-04-fotor-bg-remover-20241121133514-1.png 500w, https:\/\/www.sbs01.lehublot.link\/wp-content\/uploads\/2024\/11\/Voltaire-Junior-04-fotor-bg-remover-20241121133514-1-300x300.png 300w, https:\/\/www.sbs01.lehublot.link\/wp-content\/uploads\/2024\/11\/Voltaire-Junior-04-fotor-bg-remover-20241121133514-1-150x150.png 150w\" sizes=\"auto, (max-width: 500px) 100vw, 500px\" \/><\/figure>\n\n\n\n<div class=\"wp-block-group is-vertical is-nowrap is-layout-flex wp-container-core-group-is-layout-5280e479 wp-block-group-is-layout-flex\">\n<p class=\"has-text-align-left\" style=\"padding-right:67%;padding-left:8%;font-size:13px\">M\u00e9lange de coton, bois, vernis, fibre v\u00e9g\u00e9tale, crin de cheval et ressorts .Origine : France, Dimensions : 43 cm L x 36 cm P x 74 cm H<\/p>\n<\/div>\n<\/div>\n<\/div>\n\n\n\n<div class=\"wp-block-column is-vertically-aligned-top is-layout-flow wp-block-column-is-layout-flow\">\n<div class=\"wp-block-group wp-container-content-231d8afb is-vertical is-layout-flex wp-container-core-group-is-layout-05b43539 wp-block-group-is-layout-flex\" style=\"margin-top:0;margin-bottom:0\">\n<div class=\"wp-block-group is-vertical is-nowrap is-layout-flex wp-container-core-group-is-layout-5280e479 wp-block-group-is-layout-flex\">\n<div style=\"height:0px\" aria-hidden=\"true\" class=\"wp-block-spacer wp-container-content-f96796aa\"><\/div>\n\n\n\n<h2 class=\"wp-block-heading has-medium-font-size\"><strong>Voltaire Junior<\/strong><\/h2>\n\n\n\n<div style=\"height:35px\" aria-hidden=\"true\" class=\"wp-block-spacer wp-container-content-8af585c5\"><\/div>\n\n\n\n<p class=\"has-small-font-size\" style=\"padding-top:0%;padding-right:29%;padding-bottom:0%;padding-left:0%\">Les <strong>d\u00e9licates<\/strong> moulures en bois de cette chaise Voltaire pour <strong>enfants<\/strong> accentuent magnifiquement son tissu d&rsquo;assise bleu et gris. Le design <strong>g\u00e9om\u00e9triqu<\/strong>e cr\u00e9e un contraste moderniste avec la courbure<strong> \u00e9l\u00e9gante<\/strong>, h\u00e9rit\u00e9e du<strong> 19e si\u00e8cle<\/strong>, de la chaise. R\u00e9ellement retapiss\u00e9e \u00e0 la main avec des mat\u00e9riaux naturels selon la m\u00e9thode <strong>traditionnelle<\/strong> fran\u00e7aise, elle est finie avec un galon gris et <strong>un bouton vintage signature<\/strong> SidebySide. Le tissu et la chaise proviennent de la r\u00e9gion \u00cele-de-France, autour de Paris. \u00c0 la fois<strong> sophistiqu\u00e9e<\/strong> et <strong>joyeuse, <\/strong>elle constitue un ajout charmant \u00e0 une chambre d\u2019enfant ou \u00e0 un salon.<\/p>\n<\/div>\n\n\n\n<figure class=\"wp-block-image size-large is-resized has-custom-border\" style=\"font-size:14px\"><img loading=\"lazy\" decoding=\"async\" width=\"1024\" height=\"1024\" src=\"https:\/\/www.sbs01.lehublot.link\/wp-content\/uploads\/2024\/11\/Voltaire-Set-1024x1024.jpg\" alt=\"\" class=\"has-border-color has-custom-color-4-border-color wp-image-127\" style=\"border-radius:100%;width:565px;height:auto\" srcset=\"https:\/\/www.sbs01.lehublot.link\/wp-content\/uploads\/2024\/11\/Voltaire-Set-1024x1024.jpg 1024w, https:\/\/www.sbs01.lehublot.link\/wp-content\/uploads\/2024\/11\/Voltaire-Set-300x300.jpg 300w, https:\/\/www.sbs01.lehublot.link\/wp-content\/uploads\/2024\/11\/Voltaire-Set-150x150.jpg 150w, https:\/\/www.sbs01.lehublot.link\/wp-content\/uploads\/2024\/11\/Voltaire-Set-768x768.jpg 768w, https:\/\/www.sbs01.lehublot.link\/wp-content\/uploads\/2024\/11\/Voltaire-Set-1536x1536.jpg 1536w, https:\/\/www.sbs01.lehublot.link\/wp-content\/uploads\/2024\/11\/Voltaire-Set-2048x2048.jpg 2048w\" sizes=\"auto, (max-width: 1024px) 100vw, 1024px\" \/><\/figure>\n<\/div>\n<\/div>\n<\/div>\n\n\n\n<div class=\"wp-block-essential-blocks-shape-divider  root-eb-shape-divider-ubt05\"><div class=\"eb-parent-wrapper eb-parent-eb-shape-divider-ubt05\"><div class=\"eb-shape-divider-wrapper eb-shape-divider-ubt05\"><div class=\"eb-shape-divider eb-shape-divider-bottom\" data-shape=\"style_1\" data-negative=\"false\"><svg xmlns=\"http:\/\/www.w3.org\/2000\/svg\" fill=\"none\" viewbox=\"0 0 1000 100\" preserveaspectratio=\"none\"><g clip-path=\"url(#eb-shape-divider-ocean-wave)\"><path class=\"eb-shape-divider-fill\" fill=\"#715AFF\" d=\"M0 97.79S101.82-.97 283.17 5.23c203.09 0 290.46 94.4 716.83 94.4V0H0v97.79Z\"><\/path><\/g><defs><clippath id=\"eb-shape-divider-ocean-wave\"><path fill=\"#fff\" class=\"eb-shape-divider-fill\" d=\"M0 0h1000v99.62H0z\"><\/path><\/clippath><\/defs><\/svg><\/div><\/div><\/div><\/div>\n\n\n\n<div class=\"wp-block-essential-blocks-shape-divider  root-eb-shape-divider-vt4wx\"><div class=\"eb-parent-wrapper eb-parent-eb-shape-divider-vt4wx\"><div class=\"eb-shape-divider-wrapper eb-shape-divider-vt4wx\"><div class=\"eb-shape-divider eb-shape-divider-top\" data-shape=\"style_1\" data-negative=\"false\"><svg xmlns=\"http:\/\/www.w3.org\/2000\/svg\" fill=\"none\" viewbox=\"0 0 1000 100\" preserveaspectratio=\"none\"><g clip-path=\"url(#eb-shape-divider-ocean-wave)\"><path class=\"eb-shape-divider-fill\" fill=\"#715AFF\" d=\"M0 97.79S101.82-.97 283.17 5.23c203.09 0 290.46 94.4 716.83 94.4V0H0v97.79Z\"><\/path><\/g><defs><clippath id=\"eb-shape-divider-ocean-wave\"><path fill=\"#fff\" class=\"eb-shape-divider-fill\" d=\"M0 0h1000v99.62H0z\"><\/path><\/clippath><\/defs><\/svg><\/div><\/div><\/div><\/div>\n\n\n\n<div class=\"wp-block-columns alignwide are-vertically-aligned-top is-layout-flex wp-container-core-columns-is-layout-08c01c1c wp-block-columns-is-layout-flex\">\n<div class=\"wp-block-column is-vertically-aligned-top is-layout-flow wp-block-column-is-layout-flow\">\n<div class=\"wp-block-group wp-container-content-231d8afb is-vertical is-content-justification-left is-nowrap is-layout-flex wp-container-core-group-is-layout-d439c89b wp-block-group-is-layout-flex\" style=\"margin-top:0;margin-bottom:0\">\n<figure class=\"wp-block-image size-full is-resized has-custom-border wp-container-content-0733e5d0\"><img loading=\"lazy\" decoding=\"async\" width=\"488\" height=\"469\" src=\"https:\/\/www.sbs01.lehublot.link\/wp-content\/uploads\/2024\/11\/Capture-decran-2024-11-22-094247.png\" alt=\"\" class=\"has-border-color has-custom-color-3-border-color wp-image-622\" style=\"border-radius:100%;width:630px;height:auto\" srcset=\"https:\/\/www.sbs01.lehublot.link\/wp-content\/uploads\/2024\/11\/Capture-decran-2024-11-22-094247.png 488w, https:\/\/www.sbs01.lehublot.link\/wp-content\/uploads\/2024\/11\/Capture-decran-2024-11-22-094247-300x288.png 300w\" sizes=\"auto, (max-width: 488px) 100vw, 488px\" \/><\/figure>\n\n\n\n<div class=\"wp-block-group is-vertical is-nowrap is-layout-flex wp-container-core-group-is-layout-5280e479 wp-block-group-is-layout-flex\">\n<p style=\"padding-right:39%;padding-left:10%;font-size:13px\">M\u00e9lange de coton, bois, vernis et mousse. <\/p>\n\n\n\n<p style=\"padding-right:39%;padding-left:10%;font-size:13px\">Origine : Tournus, France. Dimensions : 38 cm de large x 36 cm de profondeur x 74 cm de hauteur.<\/p>\n<\/div>\n<\/div>\n<\/div>\n\n\n\n<div class=\"wp-block-column is-vertically-aligned-top is-layout-flow wp-block-column-is-layout-flow\">\n<div class=\"wp-block-group wp-container-content-231d8afb is-vertical is-layout-flex wp-container-core-group-is-layout-05b43539 wp-block-group-is-layout-flex\" style=\"margin-top:0;margin-bottom:0\">\n<div class=\"wp-block-group is-vertical is-nowrap is-layout-flex wp-container-core-group-is-layout-5280e479 wp-block-group-is-layout-flex\">\n<div style=\"height:0px\" aria-hidden=\"true\" class=\"wp-block-spacer wp-container-content-f96796aa\"><\/div>\n\n\n\n<h2 class=\"wp-block-heading has-medium-font-size\"><strong>ZigZag<\/strong><\/h2>\n<\/div>\n\n\n\n<p class=\"has-small-font-size\" style=\"padding-right:38%;padding-left:0%\">Fauteuil pour<strong> enfants<\/strong> de style <strong>Art D\u00e9co <\/strong>du d\u00e9but du 20e si\u00e8cle, revisit\u00e9 au 21e si\u00e8cle avec un rev\u00eatement en <strong>tissu g\u00e9om\u00e9trique<\/strong> orange et gris compl\u00e9mentaire.<\/p>\n\n\n\n<p class=\"has-small-font-size\" style=\"padding-right:38%;padding-left:0%\">R\u00e9nov\u00e9 avec une t<strong>echnique de mousse. <\/strong>Fini avec un <strong>passepoil orange<\/strong> et le bouton vintage signature de SidebySide. Chaise trouv\u00e9e \u00e0 Tournus, dans la r\u00e9gion Bourgogne en France. Un mobilier pour enfants parfait, un <strong>ajout \u00e9l\u00e9gant et chic<\/strong> \u00e0 votre int\u00e9rieur.<\/p>\n\n\n\n<figure class=\"wp-block-image size-full is-resized\" style=\"font-size:14px\"><img loading=\"lazy\" decoding=\"async\" width=\"499\" height=\"496\" src=\"https:\/\/www.sbs01.lehublot.link\/wp-content\/uploads\/2024\/11\/Capture-decran-2024-11-22-094457-fotor-bg-remover-2024112210441.png\" alt=\"\" class=\"wp-image-641\" style=\"width:734px;height:auto\" srcset=\"https:\/\/www.sbs01.lehublot.link\/wp-content\/uploads\/2024\/11\/Capture-decran-2024-11-22-094457-fotor-bg-remover-2024112210441.png 499w, https:\/\/www.sbs01.lehublot.link\/wp-content\/uploads\/2024\/11\/Capture-decran-2024-11-22-094457-fotor-bg-remover-2024112210441-300x298.png 300w, https:\/\/www.sbs01.lehublot.link\/wp-content\/uploads\/2024\/11\/Capture-decran-2024-11-22-094457-fotor-bg-remover-2024112210441-150x150.png 150w\" sizes=\"auto, (max-width: 499px) 100vw, 499px\" \/><\/figure>\n<\/div>\n<\/div>\n<\/div>","protected":false},"excerpt":{"rendered":"<p>\u00ab\u00a0Velours, bois, peinture, fibre v\u00e9g\u00e9tale, crin de cheval et ressort.Origine : Paris, FranceDimensions : 18\u201dL x 17\u201dP x 38\u201dH*\u00a0\u00bb Purple Rain L&rsquo;assise concue \u00e0 partir de mati\u00e8res naturelles, incarne le luxe et la qualit\u00e9, tout en apportant une touche boh\u00e8me chic \u00e0 votre int\u00e9rieur. Orn\u00e9e d&rsquo;un tissus color\u00e9, lumineux et plein de joie de vivre. [&hellip;]<\/p>","protected":false},"author":1,"featured_media":0,"parent":0,"menu_order":0,"comment_status":"closed","ping_status":"closed","template":"page-3","meta":{"_eb_attr":"","footnotes":""},"class_list":["post-13","page","type-page","status-publish","hentry"],"jetpack_sharing_enabled":true,"_links":{"self":[{"href":"https:\/\/www.sbs01.lehublot.link\/en\/wp-json\/wp\/v2\/pages\/13","targetHints":{"allow":["GET"]}}],"collection":[{"href":"https:\/\/www.sbs01.lehublot.link\/en\/wp-json\/wp\/v2\/pages"}],"about":[{"href":"https:\/\/www.sbs01.lehublot.link\/en\/wp-json\/wp\/v2\/types\/page"}],"author":[{"embeddable":true,"href":"https:\/\/www.sbs01.lehublot.link\/en\/wp-json\/wp\/v2\/users\/1"}],"replies":[{"embeddable":true,"href":"https:\/\/www.sbs01.lehublot.link\/en\/wp-json\/wp\/v2\/comments?post=13"}],"version-history":[{"count":58,"href":"https:\/\/www.sbs01.lehublot.link\/en\/wp-json\/wp\/v2\/pages\/13\/revisions"}],"predecessor-version":[{"id":645,"href":"https:\/\/www.sbs01.lehublot.link\/en\/wp-json\/wp\/v2\/pages\/13\/revisions\/645"}],"wp:attachment":[{"href":"https:\/\/www.sbs01.lehublot.link\/en\/wp-json\/wp\/v2\/media?parent=13"}],"curies":[{"name":"wp","href":"https:\/\/api.w.org\/{rel}","templated":true}]}}