{"id":15,"date":"2024-11-20T09:25:45","date_gmt":"2024-11-20T09:25:45","guid":{"rendered":"https:\/\/www.sbs01.lehublot.link\/?page_id=15"},"modified":"2024-11-22T09:32:52","modified_gmt":"2024-11-22T09:32:52","slug":"atelier","status":"publish","type":"page","link":"https:\/\/www.sbs01.lehublot.link\/en\/atelier\/","title":{"rendered":"workshop"},"content":{"rendered":"<div class=\"wp-block-cover alignfull\" style=\"margin-top:0;padding-top:48px;padding-right:5vw;padding-bottom:48px;padding-left:5vw;min-height:485px;aspect-ratio:unset;\"><span aria-hidden=\"true\" class=\"wp-block-cover__background has-background-dim-100 has-background-dim has-background-gradient\" style=\"background:linear-gradient(180deg,rgb(255,255,255) 0%,rgb(161,133,148) 34%,rgb(255,255,255) 87%)\"><\/span><div class=\"wp-block-cover__inner-container is-layout-flow wp-block-cover-is-layout-flow\">\n<div class=\"wp-block-group is-content-justification-space-between is-layout-flex wp-container-core-group-is-layout-b04426d0 wp-block-group-is-layout-flex\">\n<div class=\"wp-block-group wp-container-content-9cfa9a5a is-layout-flow wp-container-core-group-is-layout-d6743c7d wp-block-group-is-layout-flow\">\n<p class=\"has-text-align-left has-white-color has-text-color has-link-color wp-elements-aa5004e01100b6dba48162413b1fa54c\" style=\"font-size:clamp(76.201px, 4.763rem + ((1vw - 3.2px) * 10.886), 172px);font-style:normal;font-weight:700;letter-spacing:-10px;line-height:0.7;text-transform:uppercase\"><strong>workshop<\/strong>.<\/p>\n<\/div>\n\n\n\n<div class=\"wp-block-group wp-container-content-9dbf05af is-layout-flow wp-container-core-group-is-layout-634f0b9d wp-block-group-is-layout-flow\">\n<div class=\"wp-block-columns is-layout-flex wp-container-core-columns-is-layout-28f84493 wp-block-columns-is-layout-flex\">\n<div class=\"wp-block-column is-layout-flow wp-block-column-is-layout-flow\" style=\"flex-basis:100%\">\n<p class=\"has-white-color has-text-color has-link-color wp-elements-8e7b0d3e3b7d6653f439d8870942e42a\" style=\"font-size:clamp(14px, 0.875rem + ((1vw - 3.2px) * 0.341), 17px);font-style:normal;font-weight:700;letter-spacing:0px;text-decoration:none;text-transform:uppercase\">D\u00e9couvrez l&rsquo;Atelier SidebySide.<\/p>\n<\/div>\n\n\n\n<div class=\"wp-block-column is-layout-flow wp-block-column-is-layout-flow\" style=\"flex-basis:100%\">\n<div class=\"wp-block-group is-content-justification-right is-nowrap is-layout-flex wp-container-core-group-is-layout-f7496aeb wp-block-group-is-layout-flex\">\n<p class=\"has-white-color has-text-color has-link-color wp-elements-263f2d3b69ae68e572b30bfa0a6cae2c\" style=\"font-size:clamp(14px, 0.875rem + ((1vw - 3.2px) * 0.341), 17px);font-style:normal;font-weight:700;letter-spacing:0px;text-decoration:none;text-transform:uppercase\">Plongez dans un univers o\u00f9 chaque d\u00e9tail raconte une histoire et o\u00f9 chaque pi\u00e8ce est v\u00e9ritablement unique.<\/p>\n<\/div>\n<\/div>\n<\/div>\n<\/div>\n<\/div>\n<\/div><\/div>\n\n\n\n<div class=\"wp-block-cover alignfull is-light has-custom-color-4-color has-text-color has-link-color wp-elements-a29cd78560761bf4ca43bd3a1e57abe8\" style=\"margin-top:0;padding-top:0vw;padding-right:0vw;padding-bottom:0vw;padding-left:0vw;min-height:188px;aspect-ratio:unset;\"><span aria-hidden=\"true\" class=\"wp-block-cover__background has-background-dim-0 has-background-dim\"><\/span><div class=\"wp-block-cover__inner-container is-layout-flow wp-block-cover-is-layout-flow\">\n<div class=\"wp-block-group wp-container-content-9cfa9a5a has-global-padding is-layout-constrained wp-container-core-group-is-layout-a1274fd4 wp-block-group-is-layout-constrained\">\n<h2 class=\"wp-block-heading alignwide has-text-align-center has-custom-color-2-color has-text-color\" style=\"padding-left:32px;font-size:clamp(28.836px, 1.802rem + ((1vw - 3.2px) * 2.405), 50px);font-style:normal;font-weight:400;letter-spacing:30px;line-height:1;text-transform:uppercase\"> 3 rue la Vieuville<\/h2>\n\n\n\n<h2 class=\"wp-block-heading alignwide has-text-align-center has-custom-color-2-color has-text-color\" style=\"padding-left:32px;font-size:clamp(28.836px, 1.802rem + ((1vw - 3.2px) * 2.405), 50px);font-style:normal;font-weight:400;letter-spacing:30px;line-height:1;text-transform:uppercase\"> paris<\/h2>\n<\/div>\n<\/div><\/div>\n\n\n\n<div class=\"wp-block-columns alignfull are-vertically-aligned-center is-layout-flex wp-container-core-columns-is-layout-2710295a wp-block-columns-is-layout-flex\" style=\"border-style:none;border-width:0%;border-radius:0%;padding-right:3%;padding-bottom:0%\">\n<div class=\"wp-block-column is-layout-flow wp-block-column-is-layout-flow\" style=\"flex-basis:62%\">\n<div class=\"wp-block-essential-blocks-infobox  root-eb-infobox-m6wqt\"><div class=\"eb-parent-wrapper eb-parent-eb-infobox-m6wqt\"><div class=\"eb-infobox-m6wqt eb-infobox-wrapper\"><div class=\"infobox-wrapper-inner\"><div class=\"icon-img-wrapper\"><div class=\"eb-icon number-or-icon\"><i icon=\"far fa-building\" class=\"far fa-building eb-infobox-icon-data-selector\"><\/i><\/div><\/div><div class=\"contents-wrapper\"><h3 class=\"title\">Venez d\u00e9couvrir l&rsquo;atelier !<\/h3><p class=\"description\">Located 3 rue la Vieuville \u00e0 Paris, in the center of Montmartre on the place des Abesses, the new workshop of Sophie Qu\u00e9r\u00e9 is a place of creation where each piece is unique with its own history, its personnality .<\/p><\/div><\/div><\/div><\/div><\/div>\n\n\n\n<div class=\"wp-block-group has-global-padding is-layout-constrained wp-container-core-group-is-layout-dc2aeaf0 wp-block-group-is-layout-constrained\" style=\"padding-top:2em;padding-right:2em;padding-bottom:2em;padding-left:2em\"><div id=\"wpgmza_map\" class=\"wpgmza_map\" data-settings='{\"id\":\"1\",\"map_title\":\"Ma premi\\u00e8re carte\",\"map_width\":\"100\",\"map_height\":\"300\",\"map_start_lat\":\"48.88479774335963\",\"map_start_lng\":\"2.3388898603175847\",\"map_start_location\":\"45.950464398418106,-109.81550500000003\",\"map_start_zoom\":\"10\",\"default_marker\":\"\",\"type\":\"0\",\"alignment\":\"4\",\"directions_enabled\":\"0\",\"styling_enabled\":\"0\",\"styling_json\":\"\",\"active\":\"0\",\"kml\":\"\",\"bicycle\":\"0\",\"traffic\":\"0\",\"dbox\":\"0\",\"dbox_width\":\"\",\"listmarkers\":\"0\",\"listmarkers_advanced\":\"0\",\"filterbycat\":\"0\",\"ugm_enabled\":\"0\",\"ugm_category_enabled\":\"0\",\"fusion\":\"\",\"map_width_type\":\"%\",\"map_height_type\":\"px\",\"mass_marker_support\":\"0\",\"ugm_access\":\"0\",\"order_markers_by\":\"0\",\"order_markers_choice\":\"0\",\"show_user_location\":\"0\",\"default_to\":\"\",\"other_settings\":{\"map_type\":1,\"sl_stroke_color\":\"\",\"sl_fill_color\":\"\",\"sl_stroke_opacity\":\"\",\"sl_fill_opacity\":\"\",\"transport_layer\":false,\"action\":\"wpgmza_save_map\",\"redirect_to\":\"\\\/wp-admin\\\/admin-post.php\",\"map_id\":\"1\",\"http_referer\":\"\\\/wp-admin\\\/admin.php?page=wp-google-maps-menu&amp;amp;action=edit&amp;amp;map_id=1\",\"wpgmza_id\":\"1\",\"wpgmza_start_location\":\"48.88479774335963,2.3388898603175847\",\"wpgmza_start_zoom\":\"10\",\"store_locator_enabled\":false,\"store_locator_search_area\":\"radial\",\"wpgmza_store_locator_radius_style\":\"legacy\",\"wpgmza_store_locator_default_radius\":\"10\",\"store_locator_auto_area_max_zoom\":\"\",\"store_locator_distance\":false,\"wpgmza_store_locator_position\":false,\"store_locator_show_distance\":false,\"store_locator_category\":false,\"wpgmza_store_locator_use_their_location\":false,\"wpgmza_store_locator_bounce\":false,\"wpgmza_sl_animation\":null,\"wpgmza_store_locator_hide_before_search\":false,\"store_locator_query_string\":\"\",\"store_locator_location_placeholder\":\"\",\"store_locator_default_address\":\"\",\"store_locator_name_search\":false,\"store_locator_name_string\":\"\",\"store_locator_not_found_message\":\"\",\"wpgmza_map_align\":\"1\",\"jump_to_nearest_marker_on_initialization\":false,\"automatically_pan_to_users_location\":false,\"override_users_location_zoom_level\":false,\"override_users_location_zoom_levels\":\"\",\"show_distance_from_location\":false,\"map_max_zoom\":\"21\",\"map_min_zoom\":\"0\",\"click_open_link\":false,\"fit_maps_bounds_to_markers\":false,\"fit_maps_bounds_to_markers_after_filtering\":false,\"hide_point_of_interest\":false,\"wpgmza_zoom_on_marker_click\":false,\"wpgmza_zoom_on_marker_click_slider\":\"\",\"close_infowindow_on_map_click\":false,\"disable_lightbox_images\":false,\"use_Raw_Jpeg_Coordinates\":false,\"disable_polygon_info_windows\":false,\"enable_marker_ratings\":false,\"enable_marker_labels\":false,\"only_load_markers_within_viewport\":false,\"zoom_level_mobile_override_enabled\":false,\"zoom_level_mobile_override\":\"\",\"iw_primary_color\":\"#000000\",\"iw_accent_color\":\"#000000\",\"iw_text_color\":\"#000000\",\"wpgmza_listmarkers_by\":\"0\",\"wpgmza_marker_listing_position\":false,\"zoom_level_on_marker_listing_override\":false,\"zoom_level_on_marker_listing_click\":\"\",\"marker_listing_disable_zoom\":false,\"datatable_no_result_message\":\"\",\"remove_search_box_datables\":false,\"dataTable_pagination_style\":null,\"datatable_search_string\":\"\",\"datatable_result_start\":\"\",\"datatable_result_of\":\"\",\"datatable_result_to\":\"\",\"datatable_result_total\":\"\",\"datatable_result_show\":\"\",\"datatable_result_entries\":\"\",\"wpgmza_savemap\":\"Enregistrer la carte \\u00bb\"}}' data-map-id='1' data-maps-engine='open-layers' data-shortcode-attributes='{\"id\":\"1\"}' style=\"display:block; overflow:auto; width:100%; height:300px; float:left;\"><\/div>\n\n\n<div class=\"wp-block-essential-blocks-image-gallery  root-eb-image-gallery-snbiv\"><div class=\"eb-parent-wrapper eb-parent-eb-image-gallery-snbiv\"><div class=\"eb-gallery-img-wrapper eb-image-gallery-snbiv grid overlay-bottom caption-style-0   no-isotope\" data-id=\"eb-image-gallery-snbiv\"><a href=\"https:\/\/www.sbs01.lehublot.link\/wp-content\/uploads\/2024\/11\/IMG_2333.jpg\" rel=\"noopener\" data-fslightbox=\"gallery\" data-type=\"image\" class=\"eb-gallery-img-content eb-filter-img-\"><span class=\"eb-gallery-link-wrapper\"><img decoding=\"async\" class=\"eb-gallery-img\" src=\"https:\/\/www.sbs01.lehublot.link\/wp-content\/uploads\/2024\/11\/IMG_2333.jpg\" image-index=\"0\"\/><\/span><\/a><a href=\"https:\/\/www.sbs01.lehublot.link\/wp-content\/uploads\/2024\/11\/FullSizeRender-1.jpg\" rel=\"noopener\" data-fslightbox=\"gallery\" data-type=\"image\" class=\"eb-gallery-img-content eb-filter-img-\"><span class=\"eb-gallery-link-wrapper\"><img decoding=\"async\" class=\"eb-gallery-img\" src=\"https:\/\/www.sbs01.lehublot.link\/wp-content\/uploads\/2024\/11\/FullSizeRender-1.jpg\" image-index=\"1\"\/><\/span><\/a><a href=\"https:\/\/www.sbs01.lehublot.link\/wp-content\/uploads\/2024\/11\/Purple-Rain-07-scaled.jpg\" rel=\"noopener\" data-fslightbox=\"gallery\" data-type=\"image\" class=\"eb-gallery-img-content eb-filter-img-\"><span class=\"eb-gallery-link-wrapper\"><img decoding=\"async\" class=\"eb-gallery-img\" src=\"https:\/\/www.sbs01.lehublot.link\/wp-content\/uploads\/2024\/11\/Purple-Rain-07-scaled.jpg\" image-index=\"2\"\/><\/span><\/a><a href=\"https:\/\/www.sbs01.lehublot.link\/wp-content\/uploads\/2024\/11\/IMG_2728-rotated.jpg\" rel=\"noopener\" data-fslightbox=\"gallery\" data-type=\"image\" class=\"eb-gallery-img-content eb-filter-img-\"><span class=\"eb-gallery-link-wrapper\"><img decoding=\"async\" class=\"eb-gallery-img\" src=\"https:\/\/www.sbs01.lehublot.link\/wp-content\/uploads\/2024\/11\/IMG_2728-rotated.jpg\" image-index=\"3\"\/><\/span><\/a><a href=\"https:\/\/www.sbs01.lehublot.link\/wp-content\/uploads\/2024\/11\/IMG_2339-rotated.jpg\" rel=\"noopener\" data-fslightbox=\"gallery\" data-type=\"image\" class=\"eb-gallery-img-content eb-filter-img-\"><span class=\"eb-gallery-link-wrapper\"><img decoding=\"async\" class=\"eb-gallery-img\" src=\"https:\/\/www.sbs01.lehublot.link\/wp-content\/uploads\/2024\/11\/IMG_2339-rotated.jpg\" image-index=\"4\"\/><\/span><\/a><a href=\"https:\/\/www.sbs01.lehublot.link\/wp-content\/uploads\/2024\/11\/IMG_2337-1.jpg\" rel=\"noopener\" data-fslightbox=\"gallery\" data-type=\"image\" class=\"eb-gallery-img-content eb-filter-img-\"><span class=\"eb-gallery-link-wrapper\"><img decoding=\"async\" class=\"eb-gallery-img\" src=\"https:\/\/www.sbs01.lehublot.link\/wp-content\/uploads\/2024\/11\/IMG_2337-1.jpg\" image-index=\"5\"\/><\/span><\/a><a href=\"https:\/\/www.sbs01.lehublot.link\/wp-content\/uploads\/2024\/11\/IMG_2725-1-rotated.jpg\" rel=\"noopener\" data-fslightbox=\"gallery\" data-type=\"image\" class=\"eb-gallery-img-content eb-filter-img-\"><span class=\"eb-gallery-link-wrapper\"><img decoding=\"async\" class=\"eb-gallery-img\" src=\"https:\/\/www.sbs01.lehublot.link\/wp-content\/uploads\/2024\/11\/IMG_2725-1-rotated.jpg\" image-index=\"6\"\/><\/span><\/a><a href=\"https:\/\/www.sbs01.lehublot.link\/wp-content\/uploads\/2024\/11\/IMG_2334-1.jpg\" rel=\"noopener\" data-fslightbox=\"gallery\" data-type=\"image\" class=\"eb-gallery-img-content eb-filter-img-\"><span class=\"eb-gallery-link-wrapper\"><img decoding=\"async\" class=\"eb-gallery-img\" src=\"https:\/\/www.sbs01.lehublot.link\/wp-content\/uploads\/2024\/11\/IMG_2334-1.jpg\" image-index=\"7\"\/><\/span><\/a><\/div><\/div><\/div>\n<\/div>\n<\/div>\n\n\n\n<div class=\"wp-block-column is-layout-flow wp-block-column-is-layout-flow\" style=\"flex-basis:38%\">\n<div class=\"wp-block-cover is-light has-parallax has-border-color has-custom-color-3-border-color\" style=\"min-height:100vh;aspect-ratio:unset;\"><span aria-hidden=\"true\" class=\"wp-block-cover__background has-background-dim-0 has-background-dim\"><\/span><div class=\"wp-block-cover__image-background wp-image-549 has-parallax\" style=\"background-position:50% 50%;background-image:url(https:\/\/www.sbs01.lehublot.link\/wp-content\/uploads\/2024\/11\/Banner-About-Workshop-1-edited-scaled.jpg)\"><\/div><div class=\"wp-block-cover__inner-container is-layout-flow wp-block-cover-is-layout-flow\">\n<p class=\"has-text-align-center has-large-font-size\"><\/p>\n<\/div><\/div>\n<\/div>\n<\/div>","protected":false},"excerpt":{"rendered":"","protected":false},"author":1,"featured_media":0,"parent":0,"menu_order":0,"comment_status":"closed","ping_status":"closed","template":"page-3","meta":{"_eb_attr":"","footnotes":""},"class_list":["post-15","page","type-page","status-publish","hentry"],"jetpack_sharing_enabled":true,"_links":{"self":[{"href":"https:\/\/www.sbs01.lehublot.link\/en\/wp-json\/wp\/v2\/pages\/15","targetHints":{"allow":["GET"]}}],"collection":[{"href":"https:\/\/www.sbs01.lehublot.link\/en\/wp-json\/wp\/v2\/pages"}],"about":[{"href":"https:\/\/www.sbs01.lehublot.link\/en\/wp-json\/wp\/v2\/types\/page"}],"author":[{"embeddable":true,"href":"https:\/\/www.sbs01.lehublot.link\/en\/wp-json\/wp\/v2\/users\/1"}],"replies":[{"embeddable":true,"href":"https:\/\/www.sbs01.lehublot.link\/en\/wp-json\/wp\/v2\/comments?post=15"}],"version-history":[{"count":75,"href":"https:\/\/www.sbs01.lehublot.link\/en\/wp-json\/wp\/v2\/pages\/15\/revisions"}],"predecessor-version":[{"id":670,"href":"https:\/\/www.sbs01.lehublot.link\/en\/wp-json\/wp\/v2\/pages\/15\/revisions\/670"}],"wp:attachment":[{"href":"https:\/\/www.sbs01.lehublot.link\/en\/wp-json\/wp\/v2\/media?parent=15"}],"curies":[{"name":"wp","href":"https:\/\/api.w.org\/{rel}","templated":true}]}}