{"id":17,"date":"2024-11-20T09:26:13","date_gmt":"2024-11-20T09:26:13","guid":{"rendered":"https:\/\/www.sbs01.lehublot.link\/?page_id=17"},"modified":"2024-11-22T09:22:37","modified_gmt":"2024-11-22T09:22:37","slug":"confection","status":"publish","type":"page","link":"https:\/\/www.sbs01.lehublot.link\/en\/confection\/","title":{"rendered":"Confection"},"content":{"rendered":"<div class=\"wp-block-cover alignfull\" style=\"margin-top:0;padding-top:48px;padding-right:5vw;padding-bottom:48px;padding-left:5vw;min-height:468px;aspect-ratio:unset;\"><span aria-hidden=\"true\" class=\"wp-block-cover__background has-background-dim-100 has-background-dim has-background-gradient\" style=\"background:linear-gradient(180deg,rgb(255,255,255) 0%,rgb(161,133,148) 34%,rgb(255,255,255) 87%)\"><\/span><div class=\"wp-block-cover__inner-container is-layout-flow wp-block-cover-is-layout-flow\">\n<div class=\"wp-block-group is-content-justification-space-between is-layout-flex wp-container-core-group-is-layout-b04426d0 wp-block-group-is-layout-flex\">\n<div class=\"wp-block-group wp-container-content-9cfa9a5a is-layout-flow wp-container-core-group-is-layout-d6743c7d wp-block-group-is-layout-flow\">\n<p class=\"has-text-align-left has-white-color has-text-color has-link-color wp-elements-94371c26dc6ea45a2cfb7021136d8f53\" style=\"font-size:clamp(68.676px, 4.292rem + ((1vw - 3.2px) * 9.241), 150px);font-style:normal;font-weight:700;letter-spacing:-10px;line-height:0.7;text-transform:uppercase\"><strong>Confection<\/strong>.<\/p>\n<\/div>\n\n\n\n<div class=\"wp-block-group wp-container-content-9dbf05af is-layout-flow wp-container-core-group-is-layout-634f0b9d wp-block-group-is-layout-flow\">\n<div class=\"wp-block-columns is-layout-flex wp-container-core-columns-is-layout-88533106 wp-block-columns-is-layout-flex\" style=\"padding-left:0%\">\n<div class=\"wp-block-column is-layout-flow wp-block-column-is-layout-flow\" style=\"flex-basis:100%\">\n<p class=\"has-white-color has-text-color has-link-color wp-elements-4280a828ee3399f24d908ab73516c29d\" style=\"font-size:clamp(14px, 0.875rem + ((1vw - 3.2px) * 0.341), 17px);font-style:normal;font-weight:700;letter-spacing:0px;text-decoration:none;text-transform:uppercase\">Qu\u00e9r\u00e9, artisan qualifi\u00e9e et tapissi\u00e8re, restaure et rembourre chaque pi\u00e8ce dans son atelier de New York, en adoptant des m\u00e9thodes traditionnelles<\/p>\n<\/div>\n\n\n\n<div class=\"wp-block-column is-layout-flow wp-block-column-is-layout-flow\" style=\"flex-basis:100%\">\n<p class=\"has-white-color has-text-color has-link-color wp-elements-26f3d7a065fcdd417f1d34e292f53495\" style=\"font-size:clamp(14px, 0.875rem + ((1vw - 3.2px) * 0.341), 17px);font-style:normal;font-weight:700;letter-spacing:0px;text-decoration:none;text-transform:uppercase\"> de tapisserie fran\u00e7aise, un savoir-faire de plus en plus rare. Chaque \u00e9l\u00e9ment est fabriqu\u00e9 \u00e0 la main, con\u00e7u pour durer. .<\/p>\n<\/div>\n<\/div>\n<\/div>\n<\/div>\n<\/div><\/div>\n\n\n\n<div class=\"wp-block-group has-global-padding is-layout-constrained wp-block-group-is-layout-constrained\">\n<div class=\"wp-block-essential-blocks-infobox  root-eb-infobox-m6wqt\"><div class=\"eb-parent-wrapper eb-parent-eb-infobox-m6wqt\"><div class=\"eb-infobox-m6wqt eb-infobox-wrapper\"><div class=\"infobox-wrapper-inner\"><div class=\"icon-img-wrapper\"><div class=\"eb-icon number-or-icon\"><i icon=\"fas fa-scissors\" class=\"fas fa-scissors eb-infobox-icon-data-selector\"><\/i><\/div><\/div><div class=\"contents-wrapper\"><h3 class=\"title\">La confection <\/h3><p class=\"description\">Le mobilier fran\u00e7ais du 19e et du d\u00e9but du 20e si\u00e8cle constitue la base de SidebySide. Internationalement reconnu pour sa beaut\u00e9 et son raffinement, ce style ornait autrefois des r\u00e9sidences \u00e0 travers l&rsquo;Europe. <br><br>Sophie Qu\u00e9r\u00e9, artisan tapissier form\u00e9e, parcourt la France \u00e0 la recherche de ces tr\u00e9sors oubli\u00e9s pour leur redonner vie dans son atelier, en utilisant des m\u00e9thodes de tapisserie fran\u00e7aises traditionnelles.<br>Le rembourrage est g\u00e9n\u00e9ralement r\u00e9alis\u00e9 en crin de cheval et en fibre v\u00e9g\u00e9tale, parfois en mousse. Les tissus de la collection limit\u00e9e proviennent de France, d&rsquo;Europe et bient\u00f4t du monde entier. <\/p><\/div><\/div><\/div><\/div><\/div>\n<\/div>\n\n\n\n<div class=\"wp-block-group has-global-padding is-layout-constrained wp-block-group-is-layout-constrained\">\n<div class=\"wp-block-essential-blocks-infobox  root-eb-infobox-tlp40\"><div class=\"eb-parent-wrapper eb-parent-eb-infobox-tlp40\"><div class=\"eb-infobox-tlp40 eb-infobox-wrapper\"><div class=\"infobox-wrapper-inner\"><div class=\"icon-img-wrapper\"><div class=\"eb-icon number-or-icon\"><i icon=\"fas fa-chair\" class=\"fas fa-chair eb-infobox-icon-data-selector\"><\/i><\/div><\/div><div class=\"contents-wrapper\"><h3 class=\"title\">Les \u00e9tapes<\/h3><p class=\"description\">Les diff\u00e9rentes \u00e9tapes du processus de fabrication ou de r\u00e9novation d&rsquo;un meuble rembourr\u00e9, comme un canap\u00e9 ou un fauteuil. Ces \u00e9tapes d\u00e9crivent la fabrication artisanale ou la r\u00e9novation de meubles, garantissant leur qualit\u00e9, confort et esth\u00e9tique.<\/p><\/div><\/div><\/div><\/div><\/div>\n<\/div>\n\n\n\n<div class=\"wp-block-columns are-vertically-aligned-center is-layout-flex wp-container-core-columns-is-layout-f8556c77 wp-block-columns-is-layout-flex\" style=\"padding-bottom:0%\">\n<div class=\"wp-block-column is-vertically-aligned-center is-layout-flow wp-container-core-column-is-layout-89ac7667 wp-block-column-is-layout-flow\"><\/div>\n\n\n\n<div class=\"wp-block-column is-vertically-aligned-center is-layout-flow wp-block-column-is-layout-flow\">\n<div class=\"wp-block-essential-blocks-feature-list  root-eb-feature-list-hz98v\"><div class=\"eb-parent-wrapper eb-parent-eb-feature-list-hz98v\"><div class=\"eb-feature-list-hz98v eb-feature-list-wrapper eb-icon-position-right eb-tablet-icon-position-right eb-mobile-icon-position-right eb-feature-list-center connector-style-2\"><ul class=\"eb-feature-list-items circle framed\"><li class=\"eb-feature-list-item\" data-new-tab=\"false\" data-icon-type=\"icon\" data-icon=\"fas fa-1\" data-icon-color=\"\" data-link=\"\"><div class=\"eb-feature-list-icon-box\"><div class=\"eb-feature-list-icon-inner\"><span class=\"eb-feature-list-icon\" style=\"color:\"><i icon=\"fas fa-1\" class=\"fas fa-1\"><\/i><\/span><\/div><\/div><div class=\"eb-feature-list-content-box\"><h2 class=\"eb-feature-list-title\">Le d\u00e9garnissage<\/h2><p class=\"eb-feature-list-content\">Retirer les anciens rev\u00eatements, les ressorts, la mousse, et d&rsquo;autres mat\u00e9riaux du meuble, afin de repartir sur une base propre pour une nouvelle fabrication ou r\u00e9novation.<\/p><\/div><\/li><li class=\"eb-feature-list-item\" data-new-tab=\"false\" data-icon-type=\"icon\" data-icon=\"fas fa-2\" data-link=\"\"><div class=\"eb-feature-list-icon-box\"><div class=\"eb-feature-list-icon-inner\"><span class=\"eb-feature-list-icon\"><i icon=\"fas fa-2\" class=\"fas fa-2\"><\/i><\/span><\/div><\/div><div class=\"eb-feature-list-content-box\"><h2 class=\"eb-feature-list-title\">le sanglage<\/h2><p class=\"eb-feature-list-content\">Installation des sangles en toile ou en cuir, qui servent \u00e0 soutenir le matelas du si\u00e8ge (en particulier sur des fauteuils ou canap\u00e9s traditionnels).<\/p><\/div><\/li><li class=\"eb-feature-list-item\" data-new-tab=\"false\" data-icon-type=\"icon\" data-icon=\"fas fa-3\" data-icon-color=\"\" data-link=\"\"><div class=\"eb-feature-list-icon-box\"><div class=\"eb-feature-list-icon-inner\"><span class=\"eb-feature-list-icon\" style=\"color:\"><i icon=\"fas fa-3\" class=\"fas fa-3\"><\/i><\/span><\/div><\/div><div class=\"eb-feature-list-content-box\"><h2 class=\"eb-feature-list-title\">Pose de ressorts et guindage<\/h2><p class=\"eb-feature-list-content\">Les ressorts sont install\u00e9s pour garantir la r\u00e9sistance et le confort du meuble. Le guindage est une technique utilis\u00e9e pour tendre et maintenir les ressorts en place, en les reliant entre eux pour offrir un soutien uniforme.<\/p><\/div><\/li><li class=\"eb-feature-list-item\" data-new-tab=\"false\" data-icon-type=\"icon\" data-icon=\"fas fa-4\" data-icon-color=\"\" data-link=\"\"><div class=\"eb-feature-list-icon-box\"><div class=\"eb-feature-list-icon-inner\"><span class=\"eb-feature-list-icon\" style=\"color:\"><i icon=\"fas fa-4\" class=\"fas fa-4\"><\/i><\/span><\/div><\/div><div class=\"eb-feature-list-content-box\"><h2 class=\"eb-feature-list-title\">Emballage et rabattage<\/h2><p class=\"eb-feature-list-content\">Cette \u00e9tape fait r\u00e9f\u00e9rence au recouvrement des structures internes du meuble avec du tissu ou d&rsquo;autres mat\u00e9riaux protecteurs avant d&rsquo;ajouter les \u00e9l\u00e9ments de finition.<\/p><\/div><\/li><li class=\"eb-feature-list-item\" data-new-tab=\"false\" data-icon-type=\"icon\" data-icon=\"fas fa-5\" data-icon-color=\"\" data-link=\"\"><div class=\"eb-feature-list-icon-box\"><div class=\"eb-feature-list-icon-inner\"><span class=\"eb-feature-list-icon\" style=\"color:\"><i icon=\"fas fa-5\" class=\"fas fa-5\"><\/i><\/span><\/div><\/div><div class=\"eb-feature-list-content-box\"><h2 class=\"eb-feature-list-title\">Piquage et piqure<\/h2><p class=\"eb-feature-list-content\">Fixer le tissu sur le meuble, cr\u00e9ant des motifs d\u00e9coratifs et solidifiant le rev\u00eatement. La piq\u00fbre est le fait de coudre le tissu avec des points r\u00e9guliers, souvent pour maintenir en place le rembourrage.<\/p><\/div><\/li><li class=\"eb-feature-list-item\" data-new-tab=\"false\" data-icon-type=\"icon\" data-icon=\"fas fa-6\" data-icon-color=\"\" data-link=\"\"><div class=\"eb-feature-list-icon-box\"><div class=\"eb-feature-list-icon-inner\"><span class=\"eb-feature-list-icon\" style=\"color:\"><i icon=\"fas fa-6\" class=\"fas fa-6\"><\/i><\/span><\/div><\/div><div class=\"eb-feature-list-content-box\"><h2 class=\"eb-feature-list-title\">Mise en blanc<\/h2><p class=\"eb-feature-list-content\">Installer une couche de tissu blanc sur le meuble avant d&rsquo;ajouter le tissu final, souvent pour am\u00e9liorer l&rsquo;apparence du meuble et servir de base de soutien pour les couches suivantes.<\/p><\/div><\/li><li class=\"eb-feature-list-item\" data-new-tab=\"false\" data-icon-type=\"icon\" data-icon=\"fas fa-7\" data-icon-color=\"\" data-link=\"\"><div class=\"eb-feature-list-icon-box\"><div class=\"eb-feature-list-icon-inner\"><span class=\"eb-feature-list-icon\" style=\"color:\"><i icon=\"fas fa-7\" class=\"fas fa-7\"><\/i><\/span><\/div><\/div><div class=\"eb-feature-list-content-box\"><h2 class=\"eb-feature-list-title\">Pose de ouate<\/h2><p class=\"eb-feature-list-content\"> L&rsquo;ouate est une mati\u00e8re utilis\u00e9e pour le rembourrage, qui offre une texture douce et une finition lisse. Elle est souvent pos\u00e9e sur les ressorts ou autres \u00e9l\u00e9ments internes pour ajouter du confort et de la douceur au meuble.<\/p><\/div><\/li><li class=\"eb-feature-list-item\" data-new-tab=\"false\" data-icon-type=\"icon\" data-icon=\"fas fa-8\" data-icon-color=\"\" data-link=\"\"><div class=\"eb-feature-list-icon-box\"><div class=\"eb-feature-list-icon-inner\"><span class=\"eb-feature-list-icon\" style=\"color:\"><i icon=\"fas fa-8\" class=\"fas fa-8\"><\/i><\/span><\/div><\/div><div class=\"eb-feature-list-content-box\"><h2 class=\"eb-feature-list-title\">Couverture en tissu<\/h2><p class=\"eb-feature-list-content\">Tissu d\u00e9coratif appliqu\u00e9 sur le meuble. Il peut s&rsquo;agir de n&rsquo;importe quel tissu, du coton \u00e0 la laine, en passant par le velours ou le cuir, en fonction du style et du confort recherch\u00e9.<\/p><\/div><\/li><li class=\"eb-feature-list-item\" data-new-tab=\"false\" data-icon-type=\"icon\" data-icon=\"fas fa-9\" data-icon-color=\"\" data-link=\"\"><div class=\"eb-feature-list-icon-box\"><div class=\"eb-feature-list-icon-inner\"><span class=\"eb-feature-list-icon\" style=\"color:\"><i icon=\"fas fa-9\" class=\"fas fa-9\"><\/i><\/span><\/div><\/div><div class=\"eb-feature-list-content-box\"><h2 class=\"eb-feature-list-title\">Finitions et Jaconas<\/h2><p class=\"eb-feature-list-content\">Tous les \u00e9l\u00e9ments sont ajust\u00e9s et parfaits, comme la pose de garnitures, de passepoils ou de boutons d\u00e9coratifs. Le Jaconas est un terme sp\u00e9cifique pour d\u00e9signer un tissu de finition ou de doublure pour les parties moins visibles mais qui ajoutent \u00e0 la structure du meuble.<\/p><\/div><\/li><\/ul><\/div><\/div><\/div>\n<\/div>\n\n\n\n<div class=\"wp-block-column is-layout-flow wp-block-column-is-layout-flow\">\n<div class=\"wp-block-essential-blocks-image-gallery  root-eb-image-gallery-o6tuw\"><div class=\"eb-parent-wrapper eb-parent-eb-image-gallery-o6tuw\"><div class=\"eb-gallery-img-wrapper eb-image-gallery-o6tuw grid overlay-bottom caption-style-0   no-isotope\" data-id=\"eb-image-gallery-o6tuw\"><a href=\"https:\/\/www.sbs01.lehublot.link\/wp-content\/uploads\/2024\/11\/Banner-About-Crin-scaled.jpg\" rel=\"noopener\" data-fslightbox=\"gallery\" data-type=\"image\" class=\"eb-gallery-img-content eb-filter-img-\"><span class=\"eb-gallery-link-wrapper\"><img decoding=\"async\" class=\"eb-gallery-img\" src=\"https:\/\/www.sbs01.lehublot.link\/wp-content\/uploads\/2024\/11\/Banner-About-Crin-scaled.jpg\" image-index=\"0\"\/><\/span><\/a><a href=\"https:\/\/www.sbs01.lehublot.link\/wp-content\/uploads\/2024\/11\/Banner-Craftmanship-Materials-scaled.jpg\" rel=\"noopener\" data-fslightbox=\"gallery\" data-type=\"image\" class=\"eb-gallery-img-content eb-filter-img-\"><span class=\"eb-gallery-link-wrapper\"><img decoding=\"async\" class=\"eb-gallery-img\" src=\"https:\/\/www.sbs01.lehublot.link\/wp-content\/uploads\/2024\/11\/Banner-Craftmanship-Materials-scaled.jpg\" image-index=\"1\"\/><\/span><\/a><a href=\"https:\/\/www.sbs01.lehublot.link\/wp-content\/uploads\/2024\/11\/Banner-Craftmanship-Detail-scaled.jpg\" rel=\"noopener\" data-fslightbox=\"gallery\" data-type=\"image\" class=\"eb-gallery-img-content eb-filter-img-\"><span class=\"eb-gallery-link-wrapper\"><img decoding=\"async\" class=\"eb-gallery-img\" src=\"https:\/\/www.sbs01.lehublot.link\/wp-content\/uploads\/2024\/11\/Banner-Craftmanship-Detail-scaled.jpg\" image-index=\"2\"\/><\/span><\/a><a href=\"https:\/\/www.sbs01.lehublot.link\/wp-content\/uploads\/2024\/11\/Extra-Banner-Fabrics-scaled.jpg\" rel=\"noopener\" data-fslightbox=\"gallery\" data-type=\"image\" class=\"eb-gallery-img-content eb-filter-img-\"><span class=\"eb-gallery-link-wrapper\"><img decoding=\"async\" class=\"eb-gallery-img\" src=\"https:\/\/www.sbs01.lehublot.link\/wp-content\/uploads\/2024\/11\/Extra-Banner-Fabrics-scaled.jpg\" image-index=\"3\"\/><\/span><\/a><a href=\"https:\/\/www.sbs01.lehublot.link\/wp-content\/uploads\/2024\/11\/Extra-Banner-Thread-scaled.jpg\" rel=\"noopener\" data-fslightbox=\"gallery\" data-type=\"image\" class=\"eb-gallery-img-content eb-filter-img-\"><span class=\"eb-gallery-link-wrapper\"><img decoding=\"async\" class=\"eb-gallery-img\" src=\"https:\/\/www.sbs01.lehublot.link\/wp-content\/uploads\/2024\/11\/Extra-Banner-Thread-scaled.jpg\" image-index=\"4\"\/><\/span><\/a><a href=\"https:\/\/www.sbs01.lehublot.link\/wp-content\/uploads\/2024\/11\/BAnner-HOME-Fabric-Medley-Framed-scaled-e1732102324586.jpg\" rel=\"noopener\" data-fslightbox=\"gallery\" data-type=\"image\" class=\"eb-gallery-img-content eb-filter-img-\"><span class=\"eb-gallery-link-wrapper\"><img decoding=\"async\" class=\"eb-gallery-img\" src=\"https:\/\/www.sbs01.lehublot.link\/wp-content\/uploads\/2024\/11\/BAnner-HOME-Fabric-Medley-Framed-scaled-e1732102324586.jpg\" image-index=\"5\"\/><\/span><\/a><a href=\"https:\/\/www.sbs01.lehublot.link\/wp-content\/uploads\/2024\/11\/Voltaire-Junior-05-scaled.jpg\" rel=\"noopener\" data-fslightbox=\"gallery\" data-type=\"image\" class=\"eb-gallery-img-content eb-filter-img-\"><span class=\"eb-gallery-link-wrapper\"><img decoding=\"async\" class=\"eb-gallery-img\" src=\"https:\/\/www.sbs01.lehublot.link\/wp-content\/uploads\/2024\/11\/Voltaire-Junior-05-scaled.jpg\" image-index=\"6\"\/><\/span><\/a><a href=\"https:\/\/www.sbs01.lehublot.link\/wp-content\/uploads\/2024\/11\/Purple-Rain-05-scaled.jpg\" rel=\"noopener\" data-fslightbox=\"gallery\" data-type=\"image\" class=\"eb-gallery-img-content eb-filter-img-\"><span class=\"eb-gallery-link-wrapper\"><img decoding=\"async\" class=\"eb-gallery-img\" src=\"https:\/\/www.sbs01.lehublot.link\/wp-content\/uploads\/2024\/11\/Purple-Rain-05-scaled.jpg\" image-index=\"7\"\/><\/span><\/a><a href=\"https:\/\/www.sbs01.lehublot.link\/wp-content\/uploads\/2024\/11\/Purple-Rain-Set-scaled.jpg\" rel=\"noopener\" data-fslightbox=\"gallery\" data-type=\"image\" class=\"eb-gallery-img-content eb-filter-img-\"><span class=\"eb-gallery-link-wrapper\"><img decoding=\"async\" class=\"eb-gallery-img\" src=\"https:\/\/www.sbs01.lehublot.link\/wp-content\/uploads\/2024\/11\/Purple-Rain-Set-scaled.jpg\" image-index=\"8\"\/><\/span><\/a><\/div><\/div><\/div>\n<\/div>\n<\/div>","protected":false},"excerpt":{"rendered":"","protected":false},"author":1,"featured_media":0,"parent":0,"menu_order":0,"comment_status":"closed","ping_status":"closed","template":"page-3","meta":{"_eb_attr":"","footnotes":""},"class_list":["post-17","page","type-page","status-publish","hentry"],"jetpack_sharing_enabled":true,"_links":{"self":[{"href":"https:\/\/www.sbs01.lehublot.link\/en\/wp-json\/wp\/v2\/pages\/17","targetHints":{"allow":["GET"]}}],"collection":[{"href":"https:\/\/www.sbs01.lehublot.link\/en\/wp-json\/wp\/v2\/pages"}],"about":[{"href":"https:\/\/www.sbs01.lehublot.link\/en\/wp-json\/wp\/v2\/types\/page"}],"author":[{"embeddable":true,"href":"https:\/\/www.sbs01.lehublot.link\/en\/wp-json\/wp\/v2\/users\/1"}],"replies":[{"embeddable":true,"href":"https:\/\/www.sbs01.lehublot.link\/en\/wp-json\/wp\/v2\/comments?post=17"}],"version-history":[{"count":64,"href":"https:\/\/www.sbs01.lehublot.link\/en\/wp-json\/wp\/v2\/pages\/17\/revisions"}],"predecessor-version":[{"id":658,"href":"https:\/\/www.sbs01.lehublot.link\/en\/wp-json\/wp\/v2\/pages\/17\/revisions\/658"}],"wp:attachment":[{"href":"https:\/\/www.sbs01.lehublot.link\/en\/wp-json\/wp\/v2\/media?parent=17"}],"curies":[{"name":"wp","href":"https:\/\/api.w.org\/{rel}","templated":true}]}}