{"id":2,"date":"2024-11-20T09:14:27","date_gmt":"2024-11-20T09:14:27","guid":{"rendered":"https:\/\/www.sbs01.lehublot.link\/?page_id=2"},"modified":"2024-11-22T09:01:55","modified_gmt":"2024-11-22T09:01:55","slug":"contact","status":"publish","type":"page","link":"https:\/\/www.sbs01.lehublot.link\/en\/contact\/","title":{"rendered":"Contact"},"content":{"rendered":"<div class=\"wp-block-cover alignfull\" style=\"margin-top:0;padding-top:48px;padding-right:5vw;padding-bottom:48px;padding-left:5vw;min-height:417px;aspect-ratio:unset;\"><span aria-hidden=\"true\" class=\"wp-block-cover__background has-background-dim-100 has-background-dim has-background-gradient\" style=\"background:linear-gradient(180deg,rgb(255,255,255) 0%,rgb(161,133,148) 34%,rgb(255,255,255) 87%)\"><\/span><div class=\"wp-block-cover__inner-container is-layout-flow wp-block-cover-is-layout-flow\">\n<div class=\"wp-block-group is-content-justification-space-between is-layout-flex wp-container-core-group-is-layout-b04426d0 wp-block-group-is-layout-flex\">\n<div class=\"wp-block-group wp-container-content-9cfa9a5a is-layout-flow wp-container-core-group-is-layout-d6743c7d wp-block-group-is-layout-flow\">\n<p class=\"has-text-align-left has-white-color has-text-color has-link-color wp-elements-791642e0cdb7e64061f4c5d7540c2f11\" style=\"font-size:clamp(76.201px, 4.763rem + ((1vw - 3.2px) * 10.886), 172px);font-style:normal;font-weight:700;letter-spacing:-10px;line-height:0.7;text-transform:uppercase\"><strong>Contact<\/strong>.<\/p>\n<\/div>\n<\/div>\n<\/div><\/div>\n\n\n\n<div class=\"wp-block-columns is-layout-flex wp-container-core-columns-is-layout-28f84493 wp-block-columns-is-layout-flex\">\n<div class=\"wp-block-column has-border-color has-white-border-color is-layout-flow wp-block-column-is-layout-flow\"><div class=\"root-eb-social-share-n604w wp-block-essential-blocks-social-share\">\n    <div class=\"eb-parent-wrapper eb-parent-eb-social-share-n604w\">\n        <div\n            class=\"eb-social-share-n604w eb-social-share-wrapper\">\n            <ul class=\"eb-social-shares\">\n                                <li>\n                    <a class=\"facebook-f-original\"\n                        href=\"https:\/\/www.facebook.com\/sharer\/sharer.php?u=https:\/\/www.sbs01.lehublot.link\/en\/contact\/\"                        target=\"_blank\" rel=\"nofollow noopener noreferrer\">\n                        <i class=\"fab fa-facebook-f hvr-icon eb-social-share-icon\"><\/i>\n                                                <span class=\"eb-social-share-text\">Facebook<\/span>\n                                            <\/a>\n                <\/li>\n                                <li>\n                    <a class=\"instagram-original\"\n                        href=                        \"\/en\/target=\"_blank\"\/\" rel=\"nofollow noopener noreferrer\">\n                        <i class=\"fab fa-instagram hvr-icon eb-social-share-icon\"><\/i>\n                                                <span class=\"eb-social-share-text\">Instagram<\/span>\n                                            <\/a>\n                <\/li>\n                            <\/ul>\n        <\/div>\n    <\/div>\n<\/div>\n\n\n<p style=\"padding-right:23%;padding-left:26%\">If you are interest by unique creations by SidebySide or if you want to discuss your projects, do not hesitate to contact Sophie Qu\u00e9r\u00e9. She is available on Instagram to answer your messages. You can also contact her through her phone number to take an appointment and start concieving your project. <\/p>\n\n\n\n<p style=\"padding-right:25%;padding-left:26%\">You also have the option to send a message using the following form <\/p>\n\n\n\n<div class=\"wp-block-essential-blocks-popup  root-eb-popup-eqxnc\"><div class=\"eb-parent-wrapper\"><div id=\"eb-popup-eqxnc\" class=\"eb-popup-container eb-popup-eqxnc\" data-block-id=\"eb-popup-eqxnc\" data-popup-type=\"btn_click\" data-close-btn=\"true\" data-esc-btn=\"true\" data-click-exit=\"true\" data-auto-exit=\"false\" data-auto-exit-time=\"3\" data-use-cookie=\"true\" data-cookie-expire-time=\"\"><div class=\"eb-popup-btn-wrapper eb-parent-eb-popup-eqxnc\"><div class=\"eb-popup-button alignment-center\"><a class=\"eb-popup-button-anchor\" role=\"button\"><p>Contact<\/p><\/a><\/div><\/div><div class=\"eb-popup-overlay\"><\/div><div class=\"modal-main-wrap\"><div class=\"eb-modal-container eb_popup_middle_center\"><div class=\"eb-popup-content\"><div class=\"eb-popup-close-icon\">X<\/div><div class=\"wp-block-jetpack-contact-form\"><a href=\"https:\/\/www.sbs01.lehublot.link\/en\/contact\/\" target=\"_blank\" rel=\"noopener noreferrer\">Submit a form.<\/a><\/div><\/div><\/div><\/div><\/div><\/div><\/div>\n\n\n\n<div class=\"wp-block-columns are-vertically-aligned-top is-layout-flex wp-container-core-columns-is-layout-28f84493 wp-block-columns-is-layout-flex\">\n<div class=\"wp-block-column is-vertically-aligned-top is-layout-flow wp-block-column-is-layout-flow\" style=\"padding-top:0;padding-right:0;padding-bottom:0;padding-left:0;flex-basis:50px\">\n<div style=\"margin-top:0;margin-bottom:0;height:532px\" aria-hidden=\"true\" class=\"wp-block-spacer\"><\/div>\n<\/div>\n\n\n\n<div class=\"wp-block-column is-vertically-aligned-top is-layout-flow wp-container-core-column-is-layout-b9987081 wp-block-column-is-layout-flow\" style=\"padding-right:0%\"><\/div>\n<\/div>\n<\/div>\n\n\n\n<div class=\"wp-block-column is-layout-flow wp-block-column-is-layout-flow\"><div class=\"root-eb-instagram-feed-bu8zw animated pulse o-anim-hover wp-block-essential-blocks-instagram-feed\">\n    <div class=\"eb-parent-wrapper eb-parent-eb-instagram-feed-bu8zw\">\n        <div class=\"eb-instagram-feed-bu8zw  eb-instagram-wrapper\">\n            <div class=\"eb-instagram__gallery\">\n\n                            <\/div>\n        <\/div>\n    <\/div>\n<\/div><\/div>\n<\/div>","protected":false},"excerpt":{"rendered":"<p>Si vous \u00eates int\u00e9ress\u00e9s par les cr\u00e9ations uniques de SidebySide ou si vous souhaitez discuter de vos projets, n&rsquo;h\u00e9sitez pas \u00e0 contacter Sophie Qu\u00e9r\u00e9. Elle est disponible sur Instagram pour r\u00e9pondre \u00e0 vos messages, vous pouvez \u00e9galement la joindre par t\u00e9l\u00e9phone pour prendre rendez-vous \u00e0 l&rsquo;atelier afin de concevoir votre projet de commande. Vous avez [&hellip;]<\/p>","protected":false},"author":1,"featured_media":0,"parent":0,"menu_order":0,"comment_status":"closed","ping_status":"closed","template":"page-3","meta":{"_eb_attr":"","footnotes":""},"class_list":["post-2","page","type-page","status-publish","hentry"],"jetpack_sharing_enabled":true,"_links":{"self":[{"href":"https:\/\/www.sbs01.lehublot.link\/en\/wp-json\/wp\/v2\/pages\/2","targetHints":{"allow":["GET"]}}],"collection":[{"href":"https:\/\/www.sbs01.lehublot.link\/en\/wp-json\/wp\/v2\/pages"}],"about":[{"href":"https:\/\/www.sbs01.lehublot.link\/en\/wp-json\/wp\/v2\/types\/page"}],"author":[{"embeddable":true,"href":"https:\/\/www.sbs01.lehublot.link\/en\/wp-json\/wp\/v2\/users\/1"}],"replies":[{"embeddable":true,"href":"https:\/\/www.sbs01.lehublot.link\/en\/wp-json\/wp\/v2\/comments?post=2"}],"version-history":[{"count":35,"href":"https:\/\/www.sbs01.lehublot.link\/en\/wp-json\/wp\/v2\/pages\/2\/revisions"}],"predecessor-version":[{"id":636,"href":"https:\/\/www.sbs01.lehublot.link\/en\/wp-json\/wp\/v2\/pages\/2\/revisions\/636"}],"wp:attachment":[{"href":"https:\/\/www.sbs01.lehublot.link\/en\/wp-json\/wp\/v2\/media?parent=2"}],"curies":[{"name":"wp","href":"https:\/\/api.w.org\/{rel}","templated":true}]}}