{"id":8,"date":"2024-11-20T09:24:04","date_gmt":"2024-11-20T09:24:04","guid":{"rendered":"https:\/\/www.sbs01.lehublot.link\/?page_id=8"},"modified":"2024-11-22T09:59:22","modified_gmt":"2024-11-22T09:59:22","slug":"a-propos","status":"publish","type":"page","link":"https:\/\/www.sbs01.lehublot.link\/en\/a-propos\/","title":{"rendered":"A propos"},"content":{"rendered":"<div class=\"wp-block-cover aligncenter has-custom-content-position is-position-center-right\" style=\"margin-top:0;padding-top:48px;padding-right:5vw;padding-bottom:48px;padding-left:5vw;min-height:328px;aspect-ratio:unset;\"><span aria-hidden=\"true\" class=\"wp-block-cover__background has-background-dim-100 has-background-dim has-background-gradient\" style=\"background:linear-gradient(180deg,rgb(255,255,255) 0%,rgb(161,133,148) 50%,rgb(255,255,255) 87%)\"><\/span><div class=\"wp-block-cover__inner-container is-layout-flow wp-block-cover-is-layout-flow\">\n<div class=\"wp-block-group is-content-justification-left is-nowrap is-layout-flex wp-container-core-group-is-layout-82d58e6b wp-block-group-is-layout-flex\">\n<div class=\"wp-block-group wp-container-content-9cfa9a5a is-layout-flow wp-container-core-group-is-layout-d6743c7d wp-block-group-is-layout-flow\">\n<p class=\"has-text-align-left has-white-color has-text-color has-link-color wp-elements-1b642024079411f1a8ee32aa4a298d10\" style=\"font-size:clamp(76.201px, 4.763rem + ((1vw - 3.2px) * 10.886), 172px);font-style:normal;font-weight:700;letter-spacing:-10px;line-height:0.7;text-transform:uppercase\"><strong>about<\/strong>.<\/p>\n<\/div>\n<\/div>\n<\/div><\/div>\n\n\n\n<div class=\"wp-block-columns alignfull is-layout-flex wp-container-core-columns-is-layout-28f84493 wp-block-columns-is-layout-flex\">\n<div class=\"wp-block-column is-layout-flow wp-block-column-is-layout-flow\" style=\"flex-basis:50%\">\n<div class=\"wp-block-cover is-light has-parallax wp-duotone-ffffff-a18594-1\" style=\"border-radius:100%;min-height:753px;aspect-ratio:unset;\"><span aria-hidden=\"true\" class=\"wp-block-cover__background has-custom-color-4-background-color has-background-dim-20 has-background-dim\"><\/span><div class=\"wp-block-cover__image-background wp-image-133 has-parallax\" style=\"background-position:50% 50%;background-image:url(https:\/\/www.sbs01.lehublot.link\/wp-content\/uploads\/2024\/11\/Voltaire_Sample-01-scaled.jpg)\"><\/div><div class=\"wp-block-cover__inner-container has-global-padding is-layout-constrained wp-block-cover-is-layout-constrained\">\n<figure class=\"wp-block-image aligncenter size-full is-resized has-custom-border\"><img loading=\"lazy\" decoding=\"async\" width=\"2560\" height=\"2560\" src=\"https:\/\/www.sbs01.lehublot.link\/wp-content\/uploads\/2024\/11\/Portrait-scaled.jpg\" alt=\"\" class=\"wp-image-97\" style=\"border-radius:100%;object-fit:cover;width:410px;height:auto\" srcset=\"https:\/\/www.sbs01.lehublot.link\/wp-content\/uploads\/2024\/11\/Portrait-scaled.jpg 2560w, https:\/\/www.sbs01.lehublot.link\/wp-content\/uploads\/2024\/11\/Portrait-300x300.jpg 300w, https:\/\/www.sbs01.lehublot.link\/wp-content\/uploads\/2024\/11\/Portrait-1024x1024.jpg 1024w, https:\/\/www.sbs01.lehublot.link\/wp-content\/uploads\/2024\/11\/Portrait-150x150.jpg 150w, https:\/\/www.sbs01.lehublot.link\/wp-content\/uploads\/2024\/11\/Portrait-768x768.jpg 768w, https:\/\/www.sbs01.lehublot.link\/wp-content\/uploads\/2024\/11\/Portrait-1536x1536.jpg 1536w, https:\/\/www.sbs01.lehublot.link\/wp-content\/uploads\/2024\/11\/Portrait-2048x2048.jpg 2048w\" sizes=\"auto, (max-width: 2560px) 100vw, 2560px\" \/><\/figure>\n<\/div><\/div>\n<\/div>\n\n\n\n<div class=\"wp-block-column is-vertically-aligned-center is-layout-flow wp-block-column-is-layout-flow\" style=\"padding-top:1em;padding-right:1em;padding-bottom:1em;padding-left:1em\">\n<div class=\"wp-block-columns is-layout-flex wp-container-core-columns-is-layout-02c8d851 wp-block-columns-is-layout-flex\" style=\"padding-top:0%;padding-right:0%;padding-bottom:0%;padding-left:0%\">\n<div class=\"wp-block-column is-vertically-aligned-top has-global-padding is-content-justification-center is-layout-constrained wp-container-core-column-is-layout-24bcade5 wp-block-column-is-layout-constrained\" style=\"padding-top:0;padding-right:0;padding-bottom:0;padding-left:0;flex-basis:320px\">\n<div class=\"wp-block-essential-blocks-infobox  root-eb-infobox-3p5e1\"><div class=\"eb-parent-wrapper eb-parent-eb-infobox-3p5e1\"><div class=\"eb-infobox-3p5e1 eb-infobox-wrapper\"><div class=\"infobox-wrapper-inner\"><div class=\"contents-wrapper\"><h3 class=\"title\"><strong>Sophie Qu\u00e9r\u00e9<\/strong><\/h3><p class=\"description\">I arrived in<strong> New York<\/strong> Summer 2017 for a new <strong>family adventure<\/strong> and i had the chance to enrich it with a new career adventure. <strong>professionnelle.<\/strong><br><br>After <strong>20 years in Paris <\/strong>being a <strong>directrice financi\u00e8re<\/strong> <strong>de projets culturels<\/strong> ( festivals, orchestra..) i leanred that i wanted to change my job and in a radical way . I learned the art of<strong> tapissier<\/strong>. L<strong>\u2019\u00e9t\u00e9 2017<\/strong> j\u2019\u00e9tais pr\u00eate \u00e0 quitter l\u2019orchestre pour me lancer et c\u2019est finalement \u00e0 New York que ce projet s\u2019est concr\u00e9tis\u00e9. <br><\/p><\/div><\/div><\/div><\/div><\/div>\n<\/div>\n\n\n\n<div class=\"wp-block-column is-vertically-aligned-top has-global-padding is-content-justification-center is-layout-constrained wp-container-core-column-is-layout-24bcade5 wp-block-column-is-layout-constrained\" style=\"padding-top:0;padding-right:0;padding-bottom:0;padding-left:0;flex-basis:320px\">\n<div class=\"wp-block-essential-blocks-infobox  root-eb-infobox-pf8iv\"><div class=\"eb-parent-wrapper eb-parent-eb-infobox-pf8iv\"><div class=\"eb-infobox-pf8iv eb-infobox-wrapper\"><div class=\"infobox-wrapper-inner\"><div class=\"contents-wrapper\"><p class=\"description\">I brought back from<strong> France<\/strong> des<strong> carcasses de chaises<\/strong>,all my tools and cloths. Since, i work on my collection of repaired plaids and seatings. I always loved<strong>es tissus <\/strong>et<strong> travailler<\/strong> de mes mains.<br><br>I love to <strong>mix <\/strong>the classic structure of a seat with a <strong>colored cloth<\/strong> qui surprend car<strong> contemporain<\/strong> ou venant d\u2019une<strong> autre tradition <\/strong>(Chine, Guatemala,\u2026.).<br><\/p><\/div><\/div><\/div><\/div><\/div>\n<\/div>\n<\/div>\n<\/div>\n<\/div>","protected":false},"excerpt":{"rendered":"","protected":false},"author":1,"featured_media":97,"parent":0,"menu_order":0,"comment_status":"closed","ping_status":"closed","template":"page-3","meta":{"_eb_attr":"","footnotes":""},"class_list":["post-8","page","type-page","status-publish","has-post-thumbnail","hentry"],"jetpack_sharing_enabled":true,"_links":{"self":[{"href":"https:\/\/www.sbs01.lehublot.link\/en\/wp-json\/wp\/v2\/pages\/8","targetHints":{"allow":["GET"]}}],"collection":[{"href":"https:\/\/www.sbs01.lehublot.link\/en\/wp-json\/wp\/v2\/pages"}],"about":[{"href":"https:\/\/www.sbs01.lehublot.link\/en\/wp-json\/wp\/v2\/types\/page"}],"author":[{"embeddable":true,"href":"https:\/\/www.sbs01.lehublot.link\/en\/wp-json\/wp\/v2\/users\/1"}],"replies":[{"embeddable":true,"href":"https:\/\/www.sbs01.lehublot.link\/en\/wp-json\/wp\/v2\/comments?post=8"}],"version-history":[{"count":73,"href":"https:\/\/www.sbs01.lehublot.link\/en\/wp-json\/wp\/v2\/pages\/8\/revisions"}],"predecessor-version":[{"id":689,"href":"https:\/\/www.sbs01.lehublot.link\/en\/wp-json\/wp\/v2\/pages\/8\/revisions\/689"}],"wp:featuredmedia":[{"embeddable":true,"href":"https:\/\/www.sbs01.lehublot.link\/en\/wp-json\/wp\/v2\/media\/97"}],"wp:attachment":[{"href":"https:\/\/www.sbs01.lehublot.link\/en\/wp-json\/wp\/v2\/media?parent=8"}],"curies":[{"name":"wp","href":"https:\/\/api.w.org\/{rel}","templated":true}]}}